{"id":1010,"date":"2025-05-05T12:05:35","date_gmt":"2025-05-05T10:05:35","guid":{"rendered":"https:\/\/evolveup-consulting.com\/?page_id=1010"},"modified":"2026-04-22T13:32:16","modified_gmt":"2026-04-22T11:32:16","slug":"politika-privatnosti","status":"publish","type":"page","link":"https:\/\/evolveup-consulting.com\/en\/politika-privatnosti\/","title":{"rendered":"Privacy Policy"},"content":{"rendered":"<div data-elementor-type=\"wp-page\" data-elementor-id=\"1010\" class=\"elementor elementor-1010\" data-elementor-post-type=\"page\">\n\t\t\t\t<div class=\"elementor-element elementor-element-a02cc2b e-flex e-con-boxed e-con e-parent\" data-id=\"a02cc2b\" data-element_type=\"container\" data-e-type=\"container\">\n\t\t\t\t\t<div class=\"e-con-inner\">\n\t\t\t\t<div class=\"elementor-element elementor-element-e535790 elementor-widget elementor-widget-heading\" data-id=\"e535790\" data-element_type=\"widget\" data-e-type=\"widget\" data-widget_type=\"heading.default\">\n\t\t\t\t<div class=\"elementor-widget-container\">\n\t\t\t\t\t<h2 class=\"elementor-heading-title elementor-size-default\"><h1 data-start=\"150\" data-end=\"175\" style=\"font-family: Outfit, sans-serif;font-weight: 600;line-height: 57.6px;font-size: 48px;letter-spacing: normal;white-space: normal\">Privacy Policy<span style=\"font-size: 39px;letter-spacing: -0.5px;white-space: pre-wrap\"><\/span><\/h1><\/h2>\t\t\t\t<\/div>\n\t\t\t\t<\/div>\n\t\t\t\t<div class=\"elementor-element elementor-element-9360767 elementor-widget elementor-widget-text-editor\" data-id=\"9360767\" data-element_type=\"widget\" data-e-type=\"widget\" data-widget_type=\"text-editor.default\">\n\t\t\t\t<div class=\"elementor-widget-container\">\n\t\t\t\t\t\t\t\t\t<p class=\"\" data-start=\"176\" data-end=\"217\"><strong data-start=\"176\" data-end=\"201\">Last updated:<\/strong> 30. april 2025.<\/p><p class=\"\" data-start=\"219\" data-end=\"440\">This Privacy Policy outlines our policies and procedures regarding the collection, use, and disclosure of your information when you use our Service, and explains your privacy rights and how the law protects you.<\/p><p class=\"translation-block\" data-start=\"442\" data-end=\"697\">We use your <strong>personal data<\/strong> to provide and improve the Service. By using the Service, you agree to the collection and use of information in accordance with this Privacy Policy.<\/p><hr class=\"\" data-start=\"699\" data-end=\"702\" \/><h2 class=\"\" data-start=\"704\" data-end=\"729\">Interpretation and definitions<\/h2><p class=\"\" data-start=\"731\" data-end=\"858\"><strong data-start=\"731\" data-end=\"744\">Interpretation<\/strong><\/p><p class=\"\" data-start=\"731\" data-end=\"858\"><b><br data-start=\"744\" data-end=\"747\" \/><\/b>Words with capitalized initial letters have meanings defined under the following conditions. These definitions shall apply regardless of whether they appear in singular or plural form.<\/p><p class=\"\" data-start=\"860\" data-end=\"905\"><strong data-start=\"860\" data-end=\"874\">Definitions<\/strong><\/p><p class=\"\" data-start=\"860\" data-end=\"905\"><b><br data-start=\"874\" data-end=\"877\" \/><\/b>For the purposes of this Privacy Policy:<\/p><ul data-start=\"907\" data-end=\"2321\"><li class=\"\" data-start=\"907\" data-end=\"1007\"><p class=\"translation-block\" data-start=\"909\" data-end=\"1007\"><strong>Account<\/strong> means a unique account created for you to access our Service or parts of our Service.<\/p><\/li><li class=\"\" data-start=\"1008\" data-end=\"1143\"><p class=\"translation-block\" data-start=\"1010\" data-end=\"1143\"><strong>Affiliate<\/strong> means an entity that controls, is controlled by, or is under common control with a party.<\/p><\/li><li class=\"\" data-start=\"1144\" data-end=\"1282\"><p class=\"translation-block\" data-start=\"1146\" data-end=\"1282\"><strong>Company<\/strong> (referred to as either \u201cthe Company\u201d, \u201cWe\u201d, \u201cUs\u201d or \u201cOur\u201d) refers to <strong>Evolve Up<\/strong>, Ive Andri\u0107a 17, 71123 Isto\u010dno Sarajevo, Bosnia and Herzegovina.<\/p><\/li><li class=\"\" data-start=\"1283\" data-end=\"1456\"><p class=\"translation-block\" data-start=\"1285\" data-end=\"1456\"><strong>Cookies<\/strong> are small files placed on your computer, mobile device, or any other device that contain details of your browsing history and other data.<\/p><\/li><li class=\"\" data-start=\"1457\" data-end=\"1502\"><p class=\"translation-block\" data-start=\"1459\" data-end=\"1502\"><strong>Country<\/strong> refers to: Bosnia and Herzegovina.<\/p><\/li><li class=\"\" data-start=\"1503\" data-end=\"1608\"><p class=\"translation-block\" data-start=\"1505\" data-end=\"1608\"><strong>Device<\/strong> means any device that can access the Service, such as a computer, a mobile phone, or a tablet.<\/p><\/li><li class=\"\" data-start=\"1609\" data-end=\"1702\"><p class=\"translation-block\" data-start=\"1611\" data-end=\"1702\"><strong>Personal Data<\/strong> means any information that relates to an identified or identifiable individual.<\/p><\/li><li class=\"\" data-start=\"1703\" data-end=\"1740\"><p class=\"translation-block\" data-start=\"1705\" data-end=\"1740\"><strong>Service<\/strong> refers to the Website.<\/p><\/li><li class=\"\" data-start=\"1741\" data-end=\"1836\"><p class=\"translation-block\" data-start=\"1743\" data-end=\"1836\"><strong>Service Provider<\/strong> means any natural or legal person who processes data on behalf of the Company.<\/p><\/li><li class=\"\" data-start=\"1837\" data-end=\"1969\"><p class=\"translation-block\" data-start=\"1839\" data-end=\"1969\"><strong>Third-Party Social Media Service<\/strong> means any website or social network website through which a User can log in or create an account to use the Service.<\/p><\/li><li class=\"\" data-start=\"1970\" data-end=\"2061\"><p class=\"translation-block\" data-start=\"1972\" data-end=\"2061\"><strong>Usage Data<\/strong> means data collected automatically when using the Service.<\/p><\/li><li class=\"\" data-start=\"2062\" data-end=\"2204\"><p class=\"translation-block\" data-start=\"2064\" data-end=\"2204\"><strong>Website<\/strong> refers to <strong>Evolve Up Consulting<\/strong>, accessible from <a href=\"https:\/\/evolveup-consulting.com\/en\/\" target=\"_blank\" rel=\"noopener\">www.evolveup-consulting.com\n<\/a>.<\/p><\/li><li class=\"\" data-start=\"2205\" data-end=\"2321\"><p class=\"translation-block\" data-start=\"2207\" data-end=\"2321\"><strong>You<\/strong> means the individual accessing or using the Service, or the company or other legal entity on behalf of which such individual is accessing or using the Service.<\/p><\/li><\/ul><hr class=\"\" data-start=\"2323\" data-end=\"2326\" \/><h2 class=\"\" data-start=\"2328\" data-end=\"2378\">Collection and use of your personal data<\/h2><p class=\"\" data-start=\"2380\" data-end=\"2411\"><strong data-start=\"2380\" data-end=\"2411\">Types of data collected<\/strong><\/p><p class=\"\" data-start=\"2413\" data-end=\"2499\"><strong data-start=\"2413\" data-end=\"2430\">Personal Data:<\/strong><br data-start=\"2430\" data-end=\"2433\" \/>We may ask you to provide us with certain personally identifiable information, such as:<\/p><ul data-start=\"2501\" data-end=\"2617\"><li class=\"\" data-start=\"2501\" data-end=\"2517\"><p class=\"\" data-start=\"2503\" data-end=\"2517\">Email address<\/p><\/li><li class=\"\" data-start=\"2518\" data-end=\"2535\"><p class=\"\" data-start=\"2520\" data-end=\"2535\">Full name<\/p><\/li><li class=\"\" data-start=\"2536\" data-end=\"2553\"><p class=\"\" data-start=\"2538\" data-end=\"2553\">Phone number<\/p><\/li><li class=\"\" data-start=\"2554\" data-end=\"2595\"><p class=\"\" data-start=\"2556\" data-end=\"2595\">Address (city, postal code, country)<\/p><\/li><li class=\"\" data-start=\"2596\" data-end=\"2617\"><p class=\"\" data-start=\"2598\" data-end=\"2617\">Usage data<\/p><\/li><\/ul><p class=\"translation-block\" data-start=\"2619\" data-end=\"2874\"><strong>Usage Data:<\/strong><br>Usage Data is collected automatically and may include information such as your IP address, browser type and version, the pages you visit, the date and time of your visit, time spent on those pages, unique device identifiers, and other diagnostic data.<\/p><p class=\"translation-block\" data-start=\"2876\" data-end=\"3065\"><strong>Information from Third-Party Social Media Services:<\/strong><br>If you register through Google, Facebook, Instagram, Twitter, or LinkedIn, we may collect data associated with those accounts.<\/p><hr class=\"\" data-start=\"3067\" data-end=\"3070\" \/><h2 class=\"\" data-start=\"3072\" data-end=\"3106\">Tracking technologies and cookies<\/h2><p class=\"\" data-start=\"3108\" data-end=\"3299\">We use Cookies and similar tracking technologies to track activity on our Service and store certain information. You can instruct your browser to refuse all Cookies, but this may limit your ability to use some features of the Service.<\/p><p class=\"\" data-start=\"3301\" data-end=\"3335\"><strong data-start=\"3301\" data-end=\"3335\">Types of cookies we use:<\/strong><\/p><ul data-start=\"3337\" data-end=\"3653\"><li class=\"\" data-start=\"3337\" data-end=\"3438\"><p class=\"translation-block\" data-start=\"3339\" data-end=\"3438\"><strong>Necessary Cookies (Session Cookies)<\/strong> \u2013 used to authenticate users and prevent fraudulent use of user accounts.<\/p><\/li><li class=\"\" data-start=\"3439\" data-end=\"3551\"><p class=\"translation-block\" data-start=\"3441\" data-end=\"3551\"><strong>Cookies Policy \/ Notice Acceptance Cookies (Persistent Cookies)<\/strong> \u2013 used to remember whether you have accepted the use of cookies.<\/p><\/li><li class=\"\" data-start=\"3552\" data-end=\"3653\"><p class=\"translation-block\" data-start=\"3554\" data-end=\"3653\"><strong>Functionality Cookies (Persistent Cookies)<\/strong> \u2013 used to remember your preferences, such as language or login details.<\/p><\/li><\/ul><p class=\"\" data-start=\"3655\" data-end=\"3717\">You can find more information in our Cookies Policy.<\/p><hr class=\"\" data-start=\"3719\" data-end=\"3722\" \/><h2 class=\"\" data-start=\"3724\" data-end=\"3759\">Use of your personal data<\/h2><p class=\"\" data-start=\"3761\" data-end=\"3782\">We use your data for:<\/p><ul data-start=\"3784\" data-end=\"4076\"><li class=\"\" data-start=\"3784\" data-end=\"3820\"><p class=\"\" data-start=\"3786\" data-end=\"3820\">To provide and maintain the Service<\/p><\/li><li class=\"\" data-start=\"3821\" data-end=\"3850\"><p class=\"\" data-start=\"3823\" data-end=\"3850\">To manage your Account<\/p><\/li><li class=\"\" data-start=\"3851\" data-end=\"3874\"><p class=\"\" data-start=\"3853\" data-end=\"3874\">To perform a contract<\/p><\/li><li class=\"\" data-start=\"3875\" data-end=\"3902\"><p class=\"\" data-start=\"3877\" data-end=\"3902\">To contact you<\/p><\/li><li class=\"\" data-start=\"3903\" data-end=\"3954\"><p class=\"\" data-start=\"3905\" data-end=\"3954\">To send you news and offers (if you opt in)<\/p><\/li><li class=\"\" data-start=\"3955\" data-end=\"3983\"><p class=\"\" data-start=\"3957\" data-end=\"3983\">To process your requests<\/p><\/li><li class=\"\" data-start=\"3984\" data-end=\"4036\"><p class=\"\" data-start=\"3986\" data-end=\"4036\">To support business transactions (such as mergers or acquisitions)<\/p><\/li><li class=\"\" data-start=\"4037\" data-end=\"4076\"><p class=\"\" data-start=\"4039\" data-end=\"4076\">To improve the Service and analyze data<\/p><\/li><\/ul><p class=\"\" data-start=\"4078\" data-end=\"4181\">We may share your data with Service Providers, business partners, affiliates, or with your consent.<\/p><hr class=\"\" data-start=\"4183\" data-end=\"4186\" \/><h2 class=\"\" data-start=\"4188\" data-end=\"4207\">Data Retention<\/h2><p class=\"\" data-start=\"4209\" data-end=\"4351\">We will retain your Personal Data only for as long as is necessary for the purposes set out in this Privacy Policy or as required by law.<\/p><hr class=\"\" data-start=\"4353\" data-end=\"4356\" \/><h2 class=\"\" data-start=\"4358\" data-end=\"4376\">Transfer of Your Personal Data<\/h2><p class=\"\" data-start=\"4378\" data-end=\"4509\">Your data may be transferred to and processed in countries outside your own. By agreeing to this Privacy Policy, you accept this transfer.<\/p><hr class=\"\" data-start=\"4511\" data-end=\"4514\" \/><h2 class=\"\" data-start=\"4516\" data-end=\"4543\">Your right to delete your data<\/h2><p class=\"\" data-start=\"4545\" data-end=\"4750\">You have the right to request the deletion of your Personal Data. You can do so through your account or by contacting us. In certain cases, we may be required to retain some information to comply with legal obligations.<\/p><hr class=\"\" data-start=\"4752\" data-end=\"4755\" \/><h2 class=\"\" data-start=\"4757\" data-end=\"4779\">Disclosure of Your Personal Data<\/h2><p class=\"translation-block\" data-start=\"4781\" data-end=\"5080\"><strong>Business Transactions:<\/strong> Your Personal Data may be transferred if the Company is involved in a merger, acquisition, or asset sale.<br>\n<strong>Legal Requirements:<\/strong> We may disclose your Personal Data if required to do so by law or in response to valid requests by public authorities.<br>\n<strong>Protection of Rights:<\/strong> We may disclose your Personal Data where necessary to protect the rights, property, or safety of the Company or its users.<\/p><hr class=\"\" data-start=\"5082\" data-end=\"5085\" \/><h2 class=\"\" data-start=\"5087\" data-end=\"5115\">Security of your personal data<\/h2><p class=\"\" data-start=\"5117\" data-end=\"5221\">We take reasonable measures to protect your Personal Data; however, no method of transmission over the Internet is 100% secure.<\/p><hr class=\"\" data-start=\"5223\" data-end=\"5226\" \/><h2 class=\"\" data-start=\"5228\" data-end=\"5246\">Children\u2019s Privacy<\/h2><p class=\"\" data-start=\"5248\" data-end=\"5412\">Our Service is not intended for anyone under the age of 13. If we become aware that we have collected Personal Data from a child without parental consent, we will take steps to remove that information.<\/p><hr class=\"\" data-start=\"5414\" data-end=\"5417\" \/><h2 class=\"\" data-start=\"5419\" data-end=\"5453\">Links to Other Websites<\/h2><p class=\"\" data-start=\"5455\" data-end=\"5585\">Our Service may contain links to third-party websites. We have no control over the content, privacy policies, or practices of those websites.<\/p><hr class=\"\" data-start=\"5587\" data-end=\"5590\" \/><h2 class=\"\" data-start=\"5592\" data-end=\"5622\">Changes to this privacy policy<\/h2><p class=\"\" data-start=\"5624\" data-end=\"5757\">We reserve the right to update this Privacy Policy. We will notify you of any changes by email or through the Service before they become effective.<\/p><hr class=\"\" data-start=\"5759\" data-end=\"5762\" \/><h2 class=\"\" data-start=\"5764\" data-end=\"5774\">Contact Us<\/h2><p class=\"\" data-start=\"5776\" data-end=\"5867\">If you have any questions about this Privacy Policy, you can contact us:<\/p><ul data-start=\"5869\" data-end=\"6091\"><li class=\"\" data-start=\"5869\" data-end=\"5914\"><p class=\"\" data-start=\"5871\" data-end=\"5914\"><strong data-start=\"5871\" data-end=\"5881\">Email:<\/strong> <a rel=\"noopener\" data-start=\"5882\" data-end=\"5912\">office@evolveup-consulting.com<\/a><\/p><\/li><li class=\"\" data-start=\"5915\" data-end=\"6064\"><p class=\"\" data-start=\"5917\" data-end=\"6064\"><strong data-start=\"5917\" data-end=\"5935\">Contact form:<\/strong> <a class=\"\" href=\"https:\/\/evolveup-consulting.com\/en\/kontakt-evolve-up-consulting\/\" target=\"_new\" rel=\"noopener\" data-start=\"5936\" data-end=\"6062\">https:\/\/evolveup-consulting.com\/kontakt-evolve-up-consulting\/<\/a><\/p><\/li><li class=\"\" data-start=\"6065\" data-end=\"6091\"><p class=\"\" data-start=\"6067\" data-end=\"6091\"><strong data-start=\"6067\" data-end=\"6079\">Phone:<\/strong> +387 65 354 582<\/p><\/li><\/ul>\t\t\t\t\t\t\t\t<\/div>\n\t\t\t\t<\/div>\n\t\t\t\t\t<\/div>\n\t\t\t\t<\/div>\n\t\t<div class=\"elementor-element elementor-element-357f6c4 e-flex e-con-boxed e-con e-parent\" data-id=\"357f6c4\" data-element_type=\"container\" data-e-type=\"container\">\n\t\t\t\t\t<div class=\"e-con-inner\">\n\t\t\t\t<div class=\"elementor-element elementor-element-1345 elementor-shape-circle elementor-fixed elementor-grid-0 e-grid-align-center elementor-invisible elementor-widget elementor-widget-global elementor-global-1345 elementor-widget-social-icons\" data-id=\"1345\" data-element_type=\"widget\" data-e-type=\"widget\" data-settings=\"{&quot;_position&quot;:&quot;fixed&quot;,&quot;_animation&quot;:&quot;zoomIn&quot;}\" data-widget_type=\"social-icons.default\">\n\t\t\t\t<div class=\"elementor-widget-container\">\n\t\t\t\t\t\t\t<div class=\"elementor-social-icons-wrapper elementor-grid\">\n\t\t\t\t\t\t\t<span class=\"elementor-grid-item\">\n\t\t\t\t\t<a class=\"elementor-icon elementor-social-icon elementor-social-icon-whatsapp elementor-animation-bounce-in elementor-repeater-item-a4261a2\" href=\"https:\/\/wa.me\/38765354582\" target=\"_blank\">\n\t\t\t\t\t\t<span class=\"elementor-screen-only\">Whatsapp<\/span>\n\t\t\t\t\t\t<svg aria-hidden=\"true\" class=\"e-font-icon-svg e-fab-whatsapp\" viewbox=\"0 0 448 512\" xmlns=\"http:\/\/www.w3.org\/2000\/svg\"><path d=\"M380.9 97.1C339 55.1 283.2 32 223.9 32c-122.4 0-222 99.6-222 222 0 39.1 10.2 77.3 29.6 111L0 480l117.7-30.9c32.4 17.7 68.9 27 106.1 27h.1c122.3 0 224.1-99.6 224.1-222 0-59.3-25.2-115-67.1-157zm-157 341.6c-33.2 0-65.7-8.9-94-25.7l-6.7-4-69.8 18.3L72 359.2l-4.4-7c-18.5-29.4-28.2-63.3-28.2-98.2 0-101.7 82.8-184.5 184.6-184.5 49.3 0 95.6 19.2 130.4 54.1 34.8 34.9 56.2 81.2 56.1 130.5 0 101.8-84.9 184.6-186.6 184.6zm101.2-138.2c-5.5-2.8-32.8-16.2-37.9-18-5.1-1.9-8.8-2.8-12.5 2.8-3.7 5.6-14.3 18-17.6 21.8-3.2 3.7-6.5 4.2-12 1.4-32.6-16.3-54-29.1-75.5-66-5.7-9.8 5.7-9.1 16.3-30.3 1.8-3.7.9-6.9-.5-9.7-1.4-2.8-12.5-30.1-17.1-41.2-4.5-10.8-9.1-9.3-12.5-9.5-3.2-.2-6.9-.2-10.6-.2-3.7 0-9.7 1.4-14.8 6.9-5.1 5.6-19.4 19-19.4 46.3 0 27.3 19.9 53.7 22.6 57.4 2.8 3.7 39.1 59.7 94.8 83.8 35.2 15.2 49 16.5 66.6 13.9 10.7-1.6 32.8-13.4 37.4-26.4 4.6-13 4.6-24.1 3.2-26.4-1.3-2.5-5-3.9-10.5-6.6z\"><\/path><\/svg>\t\t\t\t\t<\/a>\n\t\t\t\t<\/span>\n\t\t\t\t\t<\/div>\n\t\t\t\t\t\t<\/div>\n\t\t\t\t<\/div>\n\t\t\t\t\t<\/div>\n\t\t\t\t<\/div>\n\t\t\t\t<\/div>","protected":false},"excerpt":{"rendered":"<p>Politika privatnosti Poslednje a\u017euriranje: 30. april 2025. Ova Politika privatnosti opisuje na\u0161e smjernice i procedure u vezi sa prikupljanjem, kori\u0161tenjem i otkrivanjem Va\u0161ih informacija kada koristite Uslugu, kao i Va\u0161a prava na privatnost i na\u010din na koji zakon \u0161titi Va\u0161a prava. Va\u0161e li\u010dne podatke koristimo kako bismo osigurali i unaprijedili Uslugu. Kori\u0161tenjem Usluge pristajete na [&hellip;]<\/p>\n","protected":false},"author":1,"featured_media":0,"parent":0,"menu_order":0,"comment_status":"closed","ping_status":"closed","template":"elementor_header_footer","meta":{"footnotes":""},"class_list":["post-1010","page","type-page","status-publish","hentry"],"yoast_head":"<!-- This site is optimized with the Yoast SEO plugin v27.4 - https:\/\/yoast.com\/product\/yoast-seo-wordpress\/ -->\n<title>Privacy Policy - EVOLVE UP CONSULTING<\/title>\n<meta name=\"description\" content=\"Saznajte kako Evolve Up prikuplja, koristi i \u0161titi va\u0161e podatke. Na\u0161a politika privatnosti obja\u0161njava va\u0161a prava i na\u010din na koji vas \u0161titimo.\" \/>\n<meta name=\"robots\" content=\"index, follow, max-snippet:-1, max-image-preview:large, max-video-preview:-1\" \/>\n<link rel=\"canonical\" href=\"https:\/\/evolveup-consulting.com\/en\/politika-privatnosti\/\" \/>\n<meta property=\"og:locale\" content=\"en_US\" \/>\n<meta property=\"og:type\" content=\"article\" \/>\n<meta property=\"og:title\" content=\"Privacy Policy - EVOLVE UP CONSULTING\" \/>\n<meta property=\"og:description\" content=\"Saznajte kako Evolve Up prikuplja, koristi i \u0161titi va\u0161e podatke. Na\u0161a politika privatnosti obja\u0161njava va\u0161a prava i na\u010din na koji vas \u0161titimo.\" \/>\n<meta property=\"og:url\" content=\"https:\/\/evolveup-consulting.com\/en\/politika-privatnosti\/\" \/>\n<meta property=\"og:site_name\" content=\"EVOLVE UP CONSULTING\" \/>\n<meta property=\"article:modified_time\" content=\"2026-04-22T11:32:16+00:00\" \/>\n<meta name=\"twitter:card\" content=\"summary_large_image\" \/>\n<meta name=\"twitter:label1\" content=\"Est. reading time\" \/>\n\t<meta name=\"twitter:data1\" content=\"4 minutes\" \/>\n<script type=\"application\/ld+json\" class=\"yoast-schema-graph\">{\"@context\":\"https:\\\/\\\/schema.org\",\"@graph\":[{\"@type\":\"WebPage\",\"@id\":\"https:\\\/\\\/evolveup-consulting.com\\\/politika-privatnosti\\\/\",\"url\":\"https:\\\/\\\/evolveup-consulting.com\\\/politika-privatnosti\\\/\",\"name\":\"Privacy Policy - EVOLVE UP CONSULTING\",\"isPartOf\":{\"@id\":\"https:\\\/\\\/evolveup-consulting.com\\\/#website\"},\"datePublished\":\"2025-05-05T10:05:35+00:00\",\"dateModified\":\"2026-04-22T11:32:16+00:00\",\"description\":\"Saznajte kako Evolve Up prikuplja, koristi i \u0161titi va\u0161e podatke. Na\u0161a politika privatnosti obja\u0161njava va\u0161a prava i na\u010din na koji vas \u0161titimo.\",\"breadcrumb\":{\"@id\":\"https:\\\/\\\/evolveup-consulting.com\\\/politika-privatnosti\\\/#breadcrumb\"},\"inLanguage\":\"en-US\",\"potentialAction\":[{\"@type\":\"ReadAction\",\"target\":[\"https:\\\/\\\/evolveup-consulting.com\\\/politika-privatnosti\\\/\"]}]},{\"@type\":\"BreadcrumbList\",\"@id\":\"https:\\\/\\\/evolveup-consulting.com\\\/politika-privatnosti\\\/#breadcrumb\",\"itemListElement\":[{\"@type\":\"ListItem\",\"position\":1,\"name\":\"Home\",\"item\":\"https:\\\/\\\/evolveup-consulting.com\\\/\"},{\"@type\":\"ListItem\",\"position\":2,\"name\":\"Privacy Policy\"}]},{\"@type\":\"WebSite\",\"@id\":\"https:\\\/\\\/evolveup-consulting.com\\\/#website\",\"url\":\"https:\\\/\\\/evolveup-consulting.com\\\/\",\"name\":\"EVOLVE UP CONSULTING\",\"description\":\"\",\"publisher\":{\"@id\":\"https:\\\/\\\/evolveup-consulting.com\\\/#organization\"},\"potentialAction\":[{\"@type\":\"SearchAction\",\"target\":{\"@type\":\"EntryPoint\",\"urlTemplate\":\"https:\\\/\\\/evolveup-consulting.com\\\/?s={search_term_string}\"},\"query-input\":{\"@type\":\"PropertyValueSpecification\",\"valueRequired\":true,\"valueName\":\"search_term_string\"}}],\"inLanguage\":\"en-US\"},{\"@type\":\"Organization\",\"@id\":\"https:\\\/\\\/evolveup-consulting.com\\\/#organization\",\"name\":\"EVOLVE UP CONSULTING\",\"url\":\"https:\\\/\\\/evolveup-consulting.com\\\/\",\"logo\":{\"@type\":\"ImageObject\",\"inLanguage\":\"en-US\",\"@id\":\"https:\\\/\\\/evolveup-consulting.com\\\/#\\\/schema\\\/logo\\\/image\\\/\",\"url\":\"https:\\\/\\\/evolveup-consulting.com\\\/wp-content\\\/uploads\\\/2025\\\/04\\\/evolve-up-horizontal.svg\",\"contentUrl\":\"https:\\\/\\\/evolveup-consulting.com\\\/wp-content\\\/uploads\\\/2025\\\/04\\\/evolve-up-horizontal.svg\",\"width\":1074,\"height\":303,\"caption\":\"EVOLVE UP CONSULTING\"},\"image\":{\"@id\":\"https:\\\/\\\/evolveup-consulting.com\\\/#\\\/schema\\\/logo\\\/image\\\/\"}}]}<\/script>\n<!-- \/ Yoast SEO plugin. -->","yoast_head_json":{"title":"Privacy Policy - EVOLVE UP CONSULTING","description":"Saznajte kako Evolve Up prikuplja, koristi i \u0161titi va\u0161e podatke. Na\u0161a politika privatnosti obja\u0161njava va\u0161a prava i na\u010din na koji vas \u0161titimo.","robots":{"index":"index","follow":"follow","max-snippet":"max-snippet:-1","max-image-preview":"max-image-preview:large","max-video-preview":"max-video-preview:-1"},"canonical":"https:\/\/evolveup-consulting.com\/en\/politika-privatnosti\/","og_locale":"en_US","og_type":"article","og_title":"Privacy Policy - EVOLVE UP CONSULTING","og_description":"Saznajte kako Evolve Up prikuplja, koristi i \u0161titi va\u0161e podatke. Na\u0161a politika privatnosti obja\u0161njava va\u0161a prava i na\u010din na koji vas \u0161titimo.","og_url":"https:\/\/evolveup-consulting.com\/en\/politika-privatnosti\/","og_site_name":"EVOLVE UP CONSULTING","article_modified_time":"2026-04-22T11:32:16+00:00","twitter_card":"summary_large_image","twitter_misc":{"Est. reading time":"4 minutes"},"schema":{"@context":"https:\/\/schema.org","@graph":[{"@type":"WebPage","@id":"https:\/\/evolveup-consulting.com\/politika-privatnosti\/","url":"https:\/\/evolveup-consulting.com\/politika-privatnosti\/","name":"Privacy Policy - EVOLVE UP CONSULTING","isPartOf":{"@id":"https:\/\/evolveup-consulting.com\/#website"},"datePublished":"2025-05-05T10:05:35+00:00","dateModified":"2026-04-22T11:32:16+00:00","description":"Saznajte kako Evolve Up prikuplja, koristi i \u0161titi va\u0161e podatke. Na\u0161a politika privatnosti obja\u0161njava va\u0161a prava i na\u010din na koji vas \u0161titimo.","breadcrumb":{"@id":"https:\/\/evolveup-consulting.com\/politika-privatnosti\/#breadcrumb"},"inLanguage":"en-US","potentialAction":[{"@type":"ReadAction","target":["https:\/\/evolveup-consulting.com\/politika-privatnosti\/"]}]},{"@type":"BreadcrumbList","@id":"https:\/\/evolveup-consulting.com\/politika-privatnosti\/#breadcrumb","itemListElement":[{"@type":"ListItem","position":1,"name":"Home","item":"https:\/\/evolveup-consulting.com\/"},{"@type":"ListItem","position":2,"name":"Privacy Policy"}]},{"@type":"WebSite","@id":"https:\/\/evolveup-consulting.com\/#website","url":"https:\/\/evolveup-consulting.com\/","name":"EVOLVE UP CONSULTING","description":"","publisher":{"@id":"https:\/\/evolveup-consulting.com\/#organization"},"potentialAction":[{"@type":"SearchAction","target":{"@type":"EntryPoint","urlTemplate":"https:\/\/evolveup-consulting.com\/?s={search_term_string}"},"query-input":{"@type":"PropertyValueSpecification","valueRequired":true,"valueName":"search_term_string"}}],"inLanguage":"en-US"},{"@type":"Organization","@id":"https:\/\/evolveup-consulting.com\/#organization","name":"EVOLVE UP CONSULTING","url":"https:\/\/evolveup-consulting.com\/","logo":{"@type":"ImageObject","inLanguage":"en-US","@id":"https:\/\/evolveup-consulting.com\/#\/schema\/logo\/image\/","url":"https:\/\/evolveup-consulting.com\/wp-content\/uploads\/2025\/04\/evolve-up-horizontal.svg","contentUrl":"https:\/\/evolveup-consulting.com\/wp-content\/uploads\/2025\/04\/evolve-up-horizontal.svg","width":1074,"height":303,"caption":"EVOLVE UP CONSULTING"},"image":{"@id":"https:\/\/evolveup-consulting.com\/#\/schema\/logo\/image\/"}}]}},"_links":{"self":[{"href":"https:\/\/evolveup-consulting.com\/en\/wp-json\/wp\/v2\/pages\/1010","targetHints":{"allow":["GET"]}}],"collection":[{"href":"https:\/\/evolveup-consulting.com\/en\/wp-json\/wp\/v2\/pages"}],"about":[{"href":"https:\/\/evolveup-consulting.com\/en\/wp-json\/wp\/v2\/types\/page"}],"author":[{"embeddable":true,"href":"https:\/\/evolveup-consulting.com\/en\/wp-json\/wp\/v2\/users\/1"}],"replies":[{"embeddable":true,"href":"https:\/\/evolveup-consulting.com\/en\/wp-json\/wp\/v2\/comments?post=1010"}],"version-history":[{"count":16,"href":"https:\/\/evolveup-consulting.com\/en\/wp-json\/wp\/v2\/pages\/1010\/revisions"}],"predecessor-version":[{"id":1532,"href":"https:\/\/evolveup-consulting.com\/en\/wp-json\/wp\/v2\/pages\/1010\/revisions\/1532"}],"wp:attachment":[{"href":"https:\/\/evolveup-consulting.com\/en\/wp-json\/wp\/v2\/media?parent=1010"}],"curies":[{"name":"wp","href":"https:\/\/api.w.org\/{rel}","templated":true}]}}